{"id":9225,"date":"2021-11-01T08:29:00","date_gmt":"2021-11-01T08:29:00","guid":{"rendered":"https:\/\/www.grillsymbol.ee\/shop\/uncategorized\/grillsymbol-firewood-rack-bern-o-72-cm\/"},"modified":"2022-02-17T11:55:48","modified_gmt":"2022-02-17T11:55:48","slug":"grillsymbol-%d0%bf%d0%be%d0%bb%d0%ba%d0%b0-%d0%b4%d0%bb%d1%8f-%d0%b4%d1%80%d0%be%d0%b2-bern-o-72-%d1%81%d0%bc","status":"publish","type":"product","link":"https:\/\/grillsymbol.ee\/ru\/shop\/c%d0%b0%d0%b4%d0%be%d0%b2%d0%b0%d1%8f-%d0%bc%d0%b5%d0%b1%d0%b5%d0%bb%d1%8c\/grillsymbol-%d0%bf%d0%be%d0%bb%d0%ba%d0%b0-%d0%b4%d0%bb%d1%8f-%d0%b4%d1%80%d0%be%d0%b2-bern-o-72-%d1%81%d0%bc\/","title":{"rendered":"GrillSymbol \u043f\u043e\u043b\u043a\u0430 \u0434\u043b\u044f \u0434\u0440\u043e\u0432 Bern, \u00f8 72 \u0441\u043c"},"content":{"rendered":"<ul>\n<li>Materjal: 3 mm Cor-Ten teras Soomest<\/li>\n<li>Diameeter: 72\u00a0 cm<\/li>\n<li>S\u00fcgavus: 23 cm + seinakinnitus<\/li>\n<li>Kaal: 8 kg<\/li>\n<li>Mahutavus: ca 3 kotti (40L) kaminapuid<\/li>\n<li>Komplektis jalad ja seinakinnitused<\/li>\n<li>Monteerimisele kuluv aeg: ca 15-20 min<\/li>\n<\/ul>\n<p>&nbsp;<\/p>\n<p>NB! Roostekihi moodustumisel eritab toode esimesel aastal roostet, rohkem infot allpool juhendis.<\/p>\n","protected":false},"excerpt":{"rendered":"<p><strong>Puuderiiul Bern sobib nii seinale kui p\u00f5randale.<\/strong> Riiul on valmistatud 3 mm Corten terasest ning t\u00e4ielikult ilmastikukindel. Sobib kasutamiseks nii sise- kui v\u00e4listingimustes. Monteerimine on lihtne ja kiire.<\/p>\n<p><strong>Disain: Petteri Wiimaa<\/strong><\/p>\n<p>Cor-Ten teras on peaaegu puhas s\u00fcsinikteras, kuid t\u00f6\u00f6deldud, et tekitada selle pinnale kaitsekiht ilmastiku talumiseks. Pinnakiht on algselt punakaspruun (roostele sarnanev toon), muutudes aja jooksul tumedamaks. \u00d5igesti kasutamisel on Cor-Ten teras ilmekas, kauakestev ja hooldusvaba ning peab ajale ainulaadsel viisil vastu.<\/p>\n","protected":false},"featured_media":11479,"comment_status":"open","ping_status":"closed","template":"","meta":{"footnotes":""},"class_list":["post-9225","product","type-product","status-publish","has-post-thumbnail","hentry","product_cat-c-"],"_links":{"self":[{"href":"https:\/\/grillsymbol.ee\/ru\/wp-json\/wp\/v2\/product\/9225","targetHints":{"allow":["GET"]}}],"collection":[{"href":"https:\/\/grillsymbol.ee\/ru\/wp-json\/wp\/v2\/product"}],"about":[{"href":"https:\/\/grillsymbol.ee\/ru\/wp-json\/wp\/v2\/types\/product"}],"replies":[{"embeddable":true,"href":"https:\/\/grillsymbol.ee\/ru\/wp-json\/wp\/v2\/comments?post=9225"}],"version-history":[{"count":0,"href":"https:\/\/grillsymbol.ee\/ru\/wp-json\/wp\/v2\/product\/9225\/revisions"}],"wp:featuredmedia":[{"embeddable":true,"href":"https:\/\/grillsymbol.ee\/ru\/wp-json\/wp\/v2\/media\/11479"}],"wp:attachment":[{"href":"https:\/\/grillsymbol.ee\/ru\/wp-json\/wp\/v2\/media?parent=9225"}],"curies":[{"name":"wp","href":"https:\/\/api.w.org\/{rel}","templated":true}]}}