{"id":10014,"date":"2021-08-02T05:36:13","date_gmt":"2021-08-02T05:36:13","guid":{"rendered":"https:\/\/www.grillsymbol.ee\/shop\/uncategorized\/grillsymbol-grillrest-zigzag-solid-50x33-cm\/"},"modified":"2022-02-16T12:53:49","modified_gmt":"2022-02-16T12:53:49","slug":"grillsymbol-%d1%80%d0%b5%d1%88%d0%b5%d1%82%d0%ba%d0%b0-%d0%b4%d0%bb%d1%8f-%d0%b3%d1%80%d0%b8%d0%bb%d1%8f-zigzag-solid-50x33-%d1%81%d0%bc","status":"publish","type":"product","link":"https:\/\/grillsymbol.ee\/ru\/shop\/%d0%b0%d0%ba%d1%81%d0%b5%d1%81%d1%81%d1%83%d0%b0%d1%80%d1%8b-%d0%b4%d0%bb%d1%8f-%d0%b1%d0%b0%d1%80%d0%b1%d0%b5%d0%ba%d1%8e\/grillsymbol-%d1%80%d0%b5%d1%88%d0%b5%d1%82%d0%ba%d0%b0-%d0%b4%d0%bb%d1%8f-%d0%b3%d1%80%d0%b8%d0%bb%d1%8f-zigzag-solid-50x33-%d1%81%d0%bc\/","title":{"rendered":"GrillSymbol \u0440\u0435\u0448\u0435\u0442\u043a\u0430 \u0434\u043b\u044f \u0433\u0440\u0438\u043b\u044f ZigZag Solid, 50&#215;33 \u0441\u043c"},"content":{"rendered":"<p>ZigZag Solid k\u00fcpsetusresti teeb eriliseks metallpinna ja \u00f5huvahede suhe, mis ei lase liha otsese tule k\u00e4es \u00e4ra p\u00f5letada. Rest salvestab v\u00e4ga h\u00e4sti kuumust t\u00e4nu materjali paksusele ja kaalule. Sik-sak grillmuster j\u00e4tab grillitavale steigile, kalale v\u00f5i juurviljadele huvitava mustri.<\/p>\n<p>Resti tasapind: 8 mm kuumvaltsteras<br \/>\nResti k\u00e4epidemed: 5 mm kuumvaltsteras<br \/>\nM\u00f5\u00f5dud: 50 x 33 cm<br \/>\nKaal: 8,2 kg<\/p>\n","protected":false},"excerpt":{"rendered":"<p>Oman\u00e4olise disainiga 8 mm terasest valmistatud ZigZag Solid k\u00fcpsetusrest kuulub Chef ja Chef XL mudelite standardvarustuse juurde, st nendele mudelitele seda eraldi juurde tellima ei pea. M\u00f5\u00f5tudelt sobib aga ka Naked Chef ja Naked Chef XL mudelitele, kuid nende standardvarustuse hulka ZigZag Solid rest ei kuulu.<\/p>\n<p>&nbsp;<\/p>\n","protected":false},"featured_media":14855,"comment_status":"open","ping_status":"closed","template":"","meta":{"footnotes":""},"class_list":["post-10014","product","type-product","status-publish","has-post-thumbnail","hentry","product_cat-165"],"_links":{"self":[{"href":"https:\/\/grillsymbol.ee\/ru\/wp-json\/wp\/v2\/product\/10014","targetHints":{"allow":["GET"]}}],"collection":[{"href":"https:\/\/grillsymbol.ee\/ru\/wp-json\/wp\/v2\/product"}],"about":[{"href":"https:\/\/grillsymbol.ee\/ru\/wp-json\/wp\/v2\/types\/product"}],"replies":[{"embeddable":true,"href":"https:\/\/grillsymbol.ee\/ru\/wp-json\/wp\/v2\/comments?post=10014"}],"version-history":[{"count":0,"href":"https:\/\/grillsymbol.ee\/ru\/wp-json\/wp\/v2\/product\/10014\/revisions"}],"wp:featuredmedia":[{"embeddable":true,"href":"https:\/\/grillsymbol.ee\/ru\/wp-json\/wp\/v2\/media\/14855"}],"wp:attachment":[{"href":"https:\/\/grillsymbol.ee\/ru\/wp-json\/wp\/v2\/media?parent=10014"}],"curies":[{"name":"wp","href":"https:\/\/api.w.org\/{rel}","templated":true}]}}