{"id":7661,"date":"2020-10-28T08:49:15","date_gmt":"2020-10-28T08:49:15","guid":{"rendered":"https:\/\/www.grillsymbol.ee\/leiunurk\/"},"modified":"2020-10-30T04:12:40","modified_gmt":"2020-10-30T04:12:40","slug":"leiunurk","status":"publish","type":"page","link":"https:\/\/grillsymbol.ee\/ru\/leiunurk\/","title":{"rendered":"LEIUNURK"},"content":{"rendered":"<p>[vc_row][vc_column width=&#187;1\/2&#8243;][vc_column_text]Leiunurk on koht, kus v\u00f5ib leida soodushinnaga tooteid. M\u00f5ne toote protot\u00fc\u00fcp, mis ei vasta 100% tootmises olevale standardile, teine toode on v\u00e4ikese defektiga (n\u00e4iteks kriimustused), kolmandat toodet on pildistamisel kasutatud. K\u00f5ikidele neile toodetele kehtib tavap\u00e4rane garantii v.a need erisused, mille p\u00e4rast antud toode siin leiunurgas on.<\/p>\n<p>Toodete nimekiri:<\/p>\n<p><strong>L\u00f5kkealus Lucas, pildistamise n\u00e4idis, hind 390.-\u00a0<\/strong><\/p>\n<p>https:\/\/www.grillsymbol.ee\/shop\/lokkealused\/grillsymbol-lokkealused-lucas\/[\/vc_column_text][\/vc_column][vc_column width=&#187;1\/2&#8243;][vc_single_image image=&#187;7678&#8243; img_size=&#187;full&#187;][\/vc_column][\/vc_row]<\/p>\n","protected":false},"excerpt":{"rendered":"<p>[vc_row][vc_column width=&#187;1\/2&#8243;][vc_column_text]Leiunurk on koht, kus v\u00f5ib leida soodushinnaga tooteid. M\u00f5ne toote protot\u00fc\u00fcp, mis ei vasta 100% tootmises olevale standardile, teine toode on v\u00e4ikese defektiga (n\u00e4iteks kriimustused), kolmandat toodet on pildistamisel kasutatud. K\u00f5ikidele neile toodetele kehtib tavap\u00e4rane garantii v.a need erisused, mille p\u00e4rast antud toode siin leiunurgas on. Toodete nimekiri: L\u00f5kkealus Lucas, pildistamise n\u00e4idis, hind 390.-\u00a0 [&hellip;]<\/p>\n","protected":false},"author":1,"featured_media":0,"parent":0,"menu_order":0,"comment_status":"closed","ping_status":"closed","template":"","meta":{"footnotes":""},"class_list":["post-7661","page","type-page","status-publish","hentry"],"_links":{"self":[{"href":"https:\/\/grillsymbol.ee\/ru\/wp-json\/wp\/v2\/pages\/7661","targetHints":{"allow":["GET"]}}],"collection":[{"href":"https:\/\/grillsymbol.ee\/ru\/wp-json\/wp\/v2\/pages"}],"about":[{"href":"https:\/\/grillsymbol.ee\/ru\/wp-json\/wp\/v2\/types\/page"}],"author":[{"embeddable":true,"href":"https:\/\/grillsymbol.ee\/ru\/wp-json\/wp\/v2\/users\/1"}],"replies":[{"embeddable":true,"href":"https:\/\/grillsymbol.ee\/ru\/wp-json\/wp\/v2\/comments?post=7661"}],"version-history":[{"count":0,"href":"https:\/\/grillsymbol.ee\/ru\/wp-json\/wp\/v2\/pages\/7661\/revisions"}],"wp:attachment":[{"href":"https:\/\/grillsymbol.ee\/ru\/wp-json\/wp\/v2\/media?parent=7661"}],"curies":[{"name":"wp","href":"https:\/\/api.w.org\/{rel}","templated":true}]}}